{"id":11950,"date":"2024-03-10T15:17:04","date_gmt":"2024-03-10T15:17:04","guid":{"rendered":"https:\/\/malaga.globalcruiseports.com\/special-tips\/"},"modified":"2026-02-25T01:17:25","modified_gmt":"2026-02-25T01:17:25","slug":"consejos-especiales","status":"publish","type":"page","link":"https:\/\/malagacruiseport.com\/es\/destino\/consejos-especiales\/","title":{"rendered":"Consejos Especiales"},"content":{"rendered":"\r\n<section class=\"section page page-bg-light \">\r\n\t<style>\r\n                .page-header-bg {\r\n                    background-image: url(https:\/\/malagacruiseport.com\/wp-content\/uploads\/sites\/55\/2025\/04\/special-tips.png);\r\n                    background-size: cover;\r\n                    background-position: center;\r\n                }\r\n\t\t\t\t.hero-content{\r\n\t\t\t\t    top: 50%;\r\n    \t\t\t\tposition: absolute;\r\n    \t\t\t\ttransform: translateY(-50%);\r\n\t\t\t\t}\r\n              <\/style><div class=\"page-header-bg pr\">\t<div class=\"container w100\">\r\n\t\t<div class=\"row flex hero-content\">\r\n\t\t\t<div class=\"cl-12 page-header\">\r\n\t\t\t<h5 class=\"uppercase\">\r\n\tDESTINO >  Consejos Especiales<\/h5>\r\n\r\n\t\t\t\t<h1><\/h1>\r\n\t\t\t<\/div>\r\n\t\t<\/div>\r\n\t<\/div>\r\n\t<\/div>\r\n<\/section>\r\n\r\n<div class=\"section-page-top-menu-wrapper\">\r\n\t<nav class=\"menu-class\"><ul id=\"menu-destination-es\" class=\"menu flex align-i-center justify-c-center\"><li id=\"menu-item-12855\" class=\"menu-item menu-item-type-post_type menu-item-object-page menu-item-12855\"><a href=\"https:\/\/malagacruiseport.com\/es\/destino\/eventos\/\">Eventos<\/a><\/li>\n<li id=\"menu-item-12856\" class=\"menu-item menu-item-type-post_type menu-item-object-page menu-item-12856\"><a href=\"https:\/\/malagacruiseport.com\/es\/destino\/principales-atracciones\/\">Principales Atracciones<\/a><\/li>\n<li id=\"menu-item-12857\" class=\"menu-item menu-item-type-post_type menu-item-object-page menu-item-12857\"><a href=\"https:\/\/malagacruiseport.com\/es\/destino\/que-comprar\/\">Qu\u00e9 Comprar<\/a><\/li>\n<li id=\"menu-item-12858\" class=\"menu-item menu-item-type-post_type menu-item-object-page menu-item-12858\"><a href=\"https:\/\/malagacruiseport.com\/es\/destino\/viajes-cortos\/\">Viajes cortos<\/a><\/li>\n<li id=\"menu-item-12859\" class=\"menu-item menu-item-type-post_type menu-item-object-page menu-item-12859\"><a href=\"https:\/\/malagacruiseport.com\/es\/destino\/consejos-especiales\/\">Consejos Especiales<\/a><\/li>\n<li id=\"menu-item-12860\" class=\"menu-item menu-item-type-post_type menu-item-object-page menu-item-12860\"><a href=\"https:\/\/malagacruiseport.com\/es\/destino\/comprar-y-comer\/\">Comprar y comer<\/a><\/li>\n<\/ul><\/nav><\/div>\r\n\r\n<script>\r\n\tdocument.addEventListener(\"DOMContentLoaded\", function () {\r\n    \/\/ Sadece mobilde \u00e7al\u0131\u015ft\u0131r\r\n    if (window.innerWidth <= 768) {\r\n        var currentMenuItem = document.querySelector(\"#menu-destination .current-menu-item\");\r\n        if (currentMenuItem) {\r\n            currentMenuItem.scrollIntoView({\r\n                behavior: \"smooth\",\r\n                block: \"nearest\",\r\n                inline: \"center\"\r\n            });\r\n        }\r\n    }\r\n});\r\n\r\n<\/script>\r\n\r\n<section class=\"section section-content-title \">\r\n\t<div class=\"container\">\r\n\t\t<div class=\"row flex align-i-center\">\r\n\t\t\t<div class=\"cl-5\">\r\n\t\t\t\t<h3><\/h3>\r\n\t\t\t\t<h2>\r\n\t\t\t\t\tGu\u00eda local\t\t\t\t\t<br>\r\n\t\t\t\t\t<span class=\"primary-color\">Recomendaciones especiales<\/span>\r\n\t\t\t\t<\/h2>\r\n\t\t\t<\/div>\r\n\t\t\t<div class=\"cl-7\">\r\n\t\t\t\t<p class=\"grey-color\">\u00a1Descubre los secretos mejor guardados con estas recomendaciones!\r\nAccede a sugerencias de primera mano de los locales para conocer rincones escondidos, vivir experiencias aut\u00e9nticas y descubrir las mejores formas de sacar el m\u00e1ximo partido a tu visita.<\/p>\r\n\t\t\t<\/div>\r\n\t\t<\/div>\r\n\t<\/div>\r\n<\/section>\r\n\r\n<section class=\"destination-posts-wrapper special-trips\">\r\n\t<div class=\"container\">\r\n\t\t<div id=\"posts-list-view\">\r\n\t\t\t<div class=\"row flex\">\r\n\t\t\t\t<div class=\"cl-12\">\r\n\t\t\t\t\t\r\n\t\t\t\t\t\t<div id=\"special-tips-container\" class=\"row flex flex-wrap list-posts\">\r\n\t\t\t\t\t\t\t<div class=\"cl-4\" id=\"pID-14483\">\r\n\t<div class=\"item\">\r\n\t\t<div class=\"post-destinations-listing-image\">\r\n\t\t\t<img decoding=\"async\" src=\"https:\/\/malagacruiseport.com\/wp-content\/uploads\/sites\/55\/2025\/11\/Special-TIP-1-1.jpg\" alt=\"\" class=\"w100\" \/>\r\n\t\t\t\t\t<\/div>\r\n\t\t<div class=\"post-destinations-title\">\r\n\t\t\tConsulta los horarios antes de ir\t\t<\/div>\r\n\t\t<div class=\"post-destinations-summary\">\r\n\t\t\tAlgunos museos cierran los lunes o reducen su horario en festivos. Consultar antes de salir puede ahorrarte disgustos.\t\t<\/div>\r\n\t\t\t\t\t<div class=\"post-destinations-learn-more\">\r\n\t\t\t\t<a href=\"https:\/\/malagacruiseport.com\/es\/consejos-especiales\/consulta-los-horarios-antes-de-ir\/\" class=\"cta primary-color\">\r\n\t\t\t\t\tM\u00c1S INFORMACI\u00d3N\r\n\t\t\t\t\t<svg xmlns=\"http:\/\/www.w3.org\/2000\/svg\" width=\"12.828\" height=\"12.829\" viewBox=\"0 0 12.828 12.829\">\r\n\t\t\t\t\t\t<g id=\"Icon_feather-arrow-up-right\" data-name=\"Icon feather-arrow-up-right\"\r\n\t\t\t\t\t\t\ttransform=\"translate(-9.086 -9.086)\">\r\n\t\t\t\t\t\t\t<path id=\"Path_3\" data-name=\"Path 3\" d=\"M10.5,20.5l10-10\" fill=\"none\" class=\"primary-stroke\"\r\n\t\t\t\t\t\t\t\tstroke-linecap=\"round\" stroke-linejoin=\"round\" stroke-width=\"2\"><\/path>\r\n\t\t\t\t\t\t\t<path id=\"Path_4\" data-name=\"Path 4\" d=\"M10.5,10.5h10v10\" fill=\"none\" class=\"primary-stroke\"\r\n\t\t\t\t\t\t\t\tstroke-linecap=\"round\" stroke-linejoin=\"round\" stroke-width=\"2\"><\/path>\r\n\t\t\t\t\t\t<\/g>\r\n\t\t\t\t\t<\/svg>\r\n\t\t\t\t<\/a>\r\n\t\t\t<\/div>\r\n\t\t\t<\/div>\r\n<\/div><div class=\"cl-4\" id=\"pID-14490\">\r\n\t<div class=\"item\">\r\n\t\t<div class=\"post-destinations-listing-image\">\r\n\t\t\t<img decoding=\"async\" src=\"https:\/\/malagacruiseport.com\/wp-content\/uploads\/sites\/55\/2025\/11\/Special-TIP-2-1.jpg\" alt=\"\" class=\"w100\" \/>\r\n\t\t\t\t\t<\/div>\r\n\t\t<div class=\"post-destinations-title\">\r\n\t\t\tMuseos gratis los domingos\t\t<\/div>\r\n\t\t<div class=\"post-destinations-summary\">\r\n\t\t\tAprovecha la entrada gratuita a muchos museos los domingos por la tarde. \u00a1Una forma cultural y econ\u00f3mica de terminar el fin de semana!\t\t<\/div>\r\n\t\t\t\t\t<div class=\"post-destinations-learn-more\">\r\n\t\t\t\t<a href=\"https:\/\/malagacruiseport.com\/es\/consejos-especiales\/museos-gratis-los-domingos\/\" class=\"cta primary-color\">\r\n\t\t\t\t\tM\u00c1S INFORMACI\u00d3N\r\n\t\t\t\t\t<svg xmlns=\"http:\/\/www.w3.org\/2000\/svg\" width=\"12.828\" height=\"12.829\" viewBox=\"0 0 12.828 12.829\">\r\n\t\t\t\t\t\t<g id=\"Icon_feather-arrow-up-right\" data-name=\"Icon feather-arrow-up-right\"\r\n\t\t\t\t\t\t\ttransform=\"translate(-9.086 -9.086)\">\r\n\t\t\t\t\t\t\t<path id=\"Path_3\" data-name=\"Path 3\" d=\"M10.5,20.5l10-10\" fill=\"none\" class=\"primary-stroke\"\r\n\t\t\t\t\t\t\t\tstroke-linecap=\"round\" stroke-linejoin=\"round\" stroke-width=\"2\"><\/path>\r\n\t\t\t\t\t\t\t<path id=\"Path_4\" data-name=\"Path 4\" d=\"M10.5,10.5h10v10\" fill=\"none\" class=\"primary-stroke\"\r\n\t\t\t\t\t\t\t\tstroke-linecap=\"round\" stroke-linejoin=\"round\" stroke-width=\"2\"><\/path>\r\n\t\t\t\t\t\t<\/g>\r\n\t\t\t\t\t<\/svg>\r\n\t\t\t\t<\/a>\r\n\t\t\t<\/div>\r\n\t\t\t<\/div>\r\n<\/div><div class=\"cl-4\" id=\"pID-14496\">\r\n\t<div class=\"item\">\r\n\t\t<div class=\"post-destinations-listing-image\">\r\n\t\t\t<img decoding=\"async\" src=\"https:\/\/malagacruiseport.com\/wp-content\/uploads\/sites\/55\/2025\/11\/Special-TIP-3-1.jpg\" alt=\"\" class=\"w100\" \/>\r\n\t\t\t\t\t<\/div>\r\n\t\t<div class=\"post-destinations-title\">\r\n\t\t\tEmpieza el d\u00eda temprano\t\t<\/div>\r\n\t\t<div class=\"post-destinations-summary\">\r\n\t\t\tLas ma\u00f1anas en M\u00e1laga son frescas y tranquilas. El momento ideal para descubrir la ciudad sin calor ni aglomeraciones.\t\t<\/div>\r\n\t\t\t\t\t<div class=\"post-destinations-learn-more\">\r\n\t\t\t\t<a href=\"https:\/\/malagacruiseport.com\/es\/consejos-especiales\/empieza-el-dia-temprano\/\" class=\"cta primary-color\">\r\n\t\t\t\t\tM\u00c1S INFORMACI\u00d3N\r\n\t\t\t\t\t<svg xmlns=\"http:\/\/www.w3.org\/2000\/svg\" width=\"12.828\" height=\"12.829\" viewBox=\"0 0 12.828 12.829\">\r\n\t\t\t\t\t\t<g id=\"Icon_feather-arrow-up-right\" data-name=\"Icon feather-arrow-up-right\"\r\n\t\t\t\t\t\t\ttransform=\"translate(-9.086 -9.086)\">\r\n\t\t\t\t\t\t\t<path id=\"Path_3\" data-name=\"Path 3\" d=\"M10.5,20.5l10-10\" fill=\"none\" class=\"primary-stroke\"\r\n\t\t\t\t\t\t\t\tstroke-linecap=\"round\" stroke-linejoin=\"round\" stroke-width=\"2\"><\/path>\r\n\t\t\t\t\t\t\t<path id=\"Path_4\" data-name=\"Path 4\" d=\"M10.5,10.5h10v10\" fill=\"none\" class=\"primary-stroke\"\r\n\t\t\t\t\t\t\t\tstroke-linecap=\"round\" stroke-linejoin=\"round\" stroke-width=\"2\"><\/path>\r\n\t\t\t\t\t\t<\/g>\r\n\t\t\t\t\t<\/svg>\r\n\t\t\t\t<\/a>\r\n\t\t\t<\/div>\r\n\t\t\t<\/div>\r\n<\/div><div class=\"cl-4\" id=\"pID-14503\">\r\n\t<div class=\"item\">\r\n\t\t<div class=\"post-destinations-listing-image\">\r\n\t\t\t<img decoding=\"async\" src=\"https:\/\/malagacruiseport.com\/wp-content\/uploads\/sites\/55\/2025\/11\/Special-TIP-4-1.jpg\" alt=\"\" class=\"w100\" \/>\r\n\t\t\t\t\t<\/div>\r\n\t\t<div class=\"post-destinations-title\">\r\n\t\t\tZapatos c\u00f3modos, imprescindibles\t\t<\/div>\r\n\t\t<div class=\"post-destinations-summary\">\r\n\t\t\tM\u00e1laga se disfruta caminando. Calles adoquinadas, cuestas y rincones hist\u00f3ricos requieren buen calzado.\t\t<\/div>\r\n\t\t\t\t\t<div class=\"post-destinations-learn-more\">\r\n\t\t\t\t<a href=\"https:\/\/malagacruiseport.com\/es\/consejos-especiales\/zapatos-comodos-imprescindibles\/\" class=\"cta primary-color\">\r\n\t\t\t\t\tM\u00c1S INFORMACI\u00d3N\r\n\t\t\t\t\t<svg xmlns=\"http:\/\/www.w3.org\/2000\/svg\" width=\"12.828\" height=\"12.829\" viewBox=\"0 0 12.828 12.829\">\r\n\t\t\t\t\t\t<g id=\"Icon_feather-arrow-up-right\" data-name=\"Icon feather-arrow-up-right\"\r\n\t\t\t\t\t\t\ttransform=\"translate(-9.086 -9.086)\">\r\n\t\t\t\t\t\t\t<path id=\"Path_3\" data-name=\"Path 3\" d=\"M10.5,20.5l10-10\" fill=\"none\" class=\"primary-stroke\"\r\n\t\t\t\t\t\t\t\tstroke-linecap=\"round\" stroke-linejoin=\"round\" stroke-width=\"2\"><\/path>\r\n\t\t\t\t\t\t\t<path id=\"Path_4\" data-name=\"Path 4\" d=\"M10.5,10.5h10v10\" fill=\"none\" class=\"primary-stroke\"\r\n\t\t\t\t\t\t\t\tstroke-linecap=\"round\" stroke-linejoin=\"round\" stroke-width=\"2\"><\/path>\r\n\t\t\t\t\t\t<\/g>\r\n\t\t\t\t\t<\/svg>\r\n\t\t\t\t<\/a>\r\n\t\t\t<\/div>\r\n\t\t\t<\/div>\r\n<\/div><div class=\"cl-4\" id=\"pID-14509\">\r\n\t<div class=\"item\">\r\n\t\t<div class=\"post-destinations-listing-image\">\r\n\t\t\t<img decoding=\"async\" src=\"https:\/\/malagacruiseport.com\/wp-content\/uploads\/sites\/55\/2025\/11\/Special-TIP-5-1-1.jpg\" alt=\"\" class=\"w100\" \/>\r\n\t\t\t\t\t<\/div>\r\n\t\t<div class=\"post-destinations-title\">\r\n\t\t\tTodo est\u00e1 a un paso\t\t<\/div>\r\n\t\t<div class=\"post-destinations-summary\">\r\n\t\t\tDesde la terminal de cruceros, puedes llegar caminando a los principales atractivos de M\u00e1laga en pocos minutos.\t\t<\/div>\r\n\t\t\t\t\t<div class=\"post-destinations-learn-more\">\r\n\t\t\t\t<a href=\"https:\/\/malagacruiseport.com\/es\/consejos-especiales\/todo-esta-a-un-paso\/\" class=\"cta primary-color\">\r\n\t\t\t\t\tM\u00c1S INFORMACI\u00d3N\r\n\t\t\t\t\t<svg xmlns=\"http:\/\/www.w3.org\/2000\/svg\" width=\"12.828\" height=\"12.829\" viewBox=\"0 0 12.828 12.829\">\r\n\t\t\t\t\t\t<g id=\"Icon_feather-arrow-up-right\" data-name=\"Icon feather-arrow-up-right\"\r\n\t\t\t\t\t\t\ttransform=\"translate(-9.086 -9.086)\">\r\n\t\t\t\t\t\t\t<path id=\"Path_3\" data-name=\"Path 3\" d=\"M10.5,20.5l10-10\" fill=\"none\" class=\"primary-stroke\"\r\n\t\t\t\t\t\t\t\tstroke-linecap=\"round\" stroke-linejoin=\"round\" stroke-width=\"2\"><\/path>\r\n\t\t\t\t\t\t\t<path id=\"Path_4\" data-name=\"Path 4\" d=\"M10.5,10.5h10v10\" fill=\"none\" class=\"primary-stroke\"\r\n\t\t\t\t\t\t\t\tstroke-linecap=\"round\" stroke-linejoin=\"round\" stroke-width=\"2\"><\/path>\r\n\t\t\t\t\t\t<\/g>\r\n\t\t\t\t\t<\/svg>\r\n\t\t\t\t<\/a>\r\n\t\t\t<\/div>\r\n\t\t\t<\/div>\r\n<\/div>\t\t\t\t\t\t<\/div>\r\n\t\t\t\t\t\t\r\n\t\t\t\t\t\r\n\t\t\t\t<\/div>\r\n\t\t\t<\/div>\r\n\t\t<\/div>\r\n\t<\/div>\r\n<\/section>\r\n\r\n\n\n\r\n\r\n\t<section class=\"section section-content-title section-destinations-others-slider-row footer-space-mr \">\r\n\t\t<div class=\"container\">\r\n\t\t\t<div class=\"row flex align-i-center\">\r\n\t\t\t\t<div class=\"cl-5\">\r\n\t\t\t\t\t\t\t\t\t\t\t<h3>M\u00c1S POR DESCUBRIR<\/h3>\r\n\t\t\t\t\t\t\t\t\t\t<h2>\r\n\t\t\t\t\t\t\u00a1Vamos a Disfrutar!\t\t\t\t\t\t<br>\r\n\t\t\t\t\t\t<span class=\"primary-color\">Compras y Gastronom\u00eda<\/span>\r\n\t\t\t\t\t<\/h2>\r\n\t\t\t\t<\/div>\r\n\t\t\t\t<div class=\"cl-7\">\r\n\t\t\t\t\t<p class=\"grey-color\">Explora tiendas locales que ofrecen art\u00edculos \u00fanicos para todos los gustos y estilos, y completa la experiencia con sabores aut\u00e9nticos en acogedores restaurantes y animados bares.<\/p>\r\n\t\t\t\t<\/div>\r\n\t\t\t<\/div>\r\n\t\t\t<div class=\"row flex align-i-center destination-other-posts-wrapper\">\r\n\t\t\t\t\r\n\t\t\t\t\t\t\t\t\t\t\t\t<div class=\"cl-4\" id=\"pID-13113\">\r\n\t\t\t\t\t\t\t<div class=\"item\">\r\n\t\t\t\t\t\t\t\t<div class=\"post-destinations-listing-image\">\r\n\t\t\t\t\t\t\t\t\t<img decoding=\"async\" src=\"https:\/\/malagacruiseport.com\/wp-content\/uploads\/sites\/55\/2025\/10\/11-Espetos-de-sardinas.jpg\" alt=\"\" class=\"w100\" \/>\r\n\t\t\t\t\t\t\t\t\t\t\t\t\t\t\t\t\t<\/div>\r\n\t\t\t\t\t\t\t\t<div class=\"post-destinations-title\">\r\n\t\t\t\t\t\t\t\t\tEl Tintero\t\t\t\t\t\t\t\t<\/div>\r\n\t\t\t\t\t\t\t\t<div class=\"post-destinations-learn-more\">\r\n\t\t\t\t\t\t\t\t\t<a href=\"https:\/\/malagacruiseport.com\/es\/compras-y-gastronomia\/el-tintero-seafood-restaurant\/\" class=\"cta primary-color\">\r\n\t\t\t\t\t\t\t\t\t\tM\u00c1S INFORMACI\u00d3N\t\t\t\t\t\t\t\t\t\t<svg xmlns=\"http:\/\/www.w3.org\/2000\/svg\" width=\"12.828\" height=\"12.829\" viewBox=\"0 0 12.828 12.829\">\r\n\t\t\t\t\t\t\t\t\t\t\t<g id=\"Icon_feather-arrow-up-right\" data-name=\"Icon feather-arrow-up-right\" transform=\"translate(-9.086 -9.086)\">\r\n\t\t\t\t\t\t\t\t\t\t\t\t<path id=\"Path_3\" data-name=\"Path 3\" d=\"M10.5,20.5l10-10\" fill=\"none\" class=\"primary-stroke\" stroke-linecap=\"round\" stroke-linejoin=\"round\" stroke-width=\"2\"><\/path>\r\n\t\t\t\t\t\t\t\t\t\t\t\t<path id=\"Path_4\" data-name=\"Path 4\" d=\"M10.5,10.5h10v10\" fill=\"none\" class=\"primary-stroke\" stroke-linecap=\"round\" stroke-linejoin=\"round\" stroke-width=\"2\"><\/path>\r\n\t\t\t\t\t\t\t\t\t\t\t<\/g>\r\n\t\t\t\t\t\t\t\t\t\t<\/svg>\r\n\t\t\t\t\t\t\t\t\t<\/a>\r\n\t\t\t\t\t\t\t\t<\/div>\r\n\t\t\t\t\t\t\t<\/div>\r\n\t\t\t\t\t\t<\/div>\r\n\r\n\t\t\t\t\r\n\t\t\t\t\t\t\t\t\t\t\t\t<div class=\"cl-4\" id=\"pID-13111\">\r\n\t\t\t\t\t\t\t<div class=\"item\">\r\n\t\t\t\t\t\t\t\t<div class=\"post-destinations-listing-image\">\r\n\t\t\t\t\t\t\t\t\t<img decoding=\"async\" src=\"https:\/\/malagacruiseport.com\/wp-content\/uploads\/sites\/55\/2025\/10\/Bar-Pimpi-_1274.jpg\" alt=\"\" class=\"w100\" \/>\r\n\t\t\t\t\t\t\t\t\t\t\t\t\t\t\t\t\t<\/div>\r\n\t\t\t\t\t\t\t\t<div class=\"post-destinations-title\">\r\n\t\t\t\t\t\t\t\t\tEl Pimpi \u2013 Bodega Restaurante\t\t\t\t\t\t\t\t<\/div>\r\n\t\t\t\t\t\t\t\t<div class=\"post-destinations-learn-more\">\r\n\t\t\t\t\t\t\t\t\t<a href=\"https:\/\/malagacruiseport.com\/es\/compras-y-gastronomia\/el-pimpi-bodega-restaurante\/\" class=\"cta primary-color\">\r\n\t\t\t\t\t\t\t\t\t\tM\u00c1S INFORMACI\u00d3N\t\t\t\t\t\t\t\t\t\t<svg xmlns=\"http:\/\/www.w3.org\/2000\/svg\" width=\"12.828\" height=\"12.829\" viewBox=\"0 0 12.828 12.829\">\r\n\t\t\t\t\t\t\t\t\t\t\t<g id=\"Icon_feather-arrow-up-right\" data-name=\"Icon feather-arrow-up-right\" transform=\"translate(-9.086 -9.086)\">\r\n\t\t\t\t\t\t\t\t\t\t\t\t<path id=\"Path_3\" data-name=\"Path 3\" d=\"M10.5,20.5l10-10\" fill=\"none\" class=\"primary-stroke\" stroke-linecap=\"round\" stroke-linejoin=\"round\" stroke-width=\"2\"><\/path>\r\n\t\t\t\t\t\t\t\t\t\t\t\t<path id=\"Path_4\" data-name=\"Path 4\" d=\"M10.5,10.5h10v10\" fill=\"none\" class=\"primary-stroke\" stroke-linecap=\"round\" stroke-linejoin=\"round\" stroke-width=\"2\"><\/path>\r\n\t\t\t\t\t\t\t\t\t\t\t<\/g>\r\n\t\t\t\t\t\t\t\t\t\t<\/svg>\r\n\t\t\t\t\t\t\t\t\t<\/a>\r\n\t\t\t\t\t\t\t\t<\/div>\r\n\t\t\t\t\t\t\t<\/div>\r\n\t\t\t\t\t\t<\/div>\r\n\r\n\t\t\t\t\r\n\t\t\t\t\t\t\t\t\t\t\t\t<div class=\"cl-4\" id=\"pID-13103\">\r\n\t\t\t\t\t\t\t<div class=\"item\">\r\n\t\t\t\t\t\t\t\t<div class=\"post-destinations-listing-image\">\r\n\t\t\t\t\t\t\t\t\t<img decoding=\"async\" src=\"https:\/\/malagacruiseport.com\/wp-content\/uploads\/sites\/55\/2025\/10\/28112024_JMERIDA1-164.jpg\" alt=\"\" class=\"w100\" \/>\r\n\t\t\t\t\t\t\t\t\t\t\t\t\t\t\t\t\t<\/div>\r\n\t\t\t\t\t\t\t\t<div class=\"post-destinations-title\">\r\n\t\t\t\t\t\t\t\t\tGranier &#8211; Panader\u00eda y Pasteler\u00eda\t\t\t\t\t\t\t\t<\/div>\r\n\t\t\t\t\t\t\t\t<div class=\"post-destinations-learn-more\">\r\n\t\t\t\t\t\t\t\t\t<a href=\"https:\/\/malagacruiseport.com\/es\/compras-y-gastronomia\/granier-panaderia-y-pasteleria\/\" class=\"cta primary-color\">\r\n\t\t\t\t\t\t\t\t\t\tM\u00c1S INFORMACI\u00d3N\t\t\t\t\t\t\t\t\t\t<svg xmlns=\"http:\/\/www.w3.org\/2000\/svg\" width=\"12.828\" height=\"12.829\" viewBox=\"0 0 12.828 12.829\">\r\n\t\t\t\t\t\t\t\t\t\t\t<g id=\"Icon_feather-arrow-up-right\" data-name=\"Icon feather-arrow-up-right\" transform=\"translate(-9.086 -9.086)\">\r\n\t\t\t\t\t\t\t\t\t\t\t\t<path id=\"Path_3\" data-name=\"Path 3\" d=\"M10.5,20.5l10-10\" fill=\"none\" class=\"primary-stroke\" stroke-linecap=\"round\" stroke-linejoin=\"round\" stroke-width=\"2\"><\/path>\r\n\t\t\t\t\t\t\t\t\t\t\t\t<path id=\"Path_4\" data-name=\"Path 4\" d=\"M10.5,10.5h10v10\" fill=\"none\" class=\"primary-stroke\" stroke-linecap=\"round\" stroke-linejoin=\"round\" stroke-width=\"2\"><\/path>\r\n\t\t\t\t\t\t\t\t\t\t\t<\/g>\r\n\t\t\t\t\t\t\t\t\t\t<\/svg>\r\n\t\t\t\t\t\t\t\t\t<\/a>\r\n\t\t\t\t\t\t\t\t<\/div>\r\n\t\t\t\t\t\t\t<\/div>\r\n\t\t\t\t\t\t<\/div>\r\n\r\n\t\t\t\t\r\n\t\t\t\t\t\t\t\t\t\t\t\t<div class=\"cl-4\" id=\"pID-13102\">\r\n\t\t\t\t\t\t\t<div class=\"item\">\r\n\t\t\t\t\t\t\t\t<div class=\"post-destinations-listing-image\">\r\n\t\t\t\t\t\t\t\t\t<img decoding=\"async\" src=\"https:\/\/malagacruiseport.com\/wp-content\/uploads\/sites\/55\/2025\/10\/MALAGAPUERTO_TUI-275.jpg\" alt=\"\" class=\"w100\" \/>\r\n\t\t\t\t\t\t\t\t\t\t\t\t\t\t\t\t\t<\/div>\r\n\t\t\t\t\t\t\t\t<div class=\"post-destinations-title\">\r\n\t\t\t\t\t\t\t\t\tTECO Mobility \u2013 Alquiler de E\u2011Bikes\t\t\t\t\t\t\t\t<\/div>\r\n\t\t\t\t\t\t\t\t<div class=\"post-destinations-learn-more\">\r\n\t\t\t\t\t\t\t\t\t<a href=\"https:\/\/malagacruiseport.com\/es\/compras-y-gastronomia\/teco-mobility-alquiler-de-e%e2%80%91bikes\/\" class=\"cta primary-color\">\r\n\t\t\t\t\t\t\t\t\t\tM\u00c1S INFORMACI\u00d3N\t\t\t\t\t\t\t\t\t\t<svg xmlns=\"http:\/\/www.w3.org\/2000\/svg\" width=\"12.828\" height=\"12.829\" viewBox=\"0 0 12.828 12.829\">\r\n\t\t\t\t\t\t\t\t\t\t\t<g id=\"Icon_feather-arrow-up-right\" data-name=\"Icon feather-arrow-up-right\" transform=\"translate(-9.086 -9.086)\">\r\n\t\t\t\t\t\t\t\t\t\t\t\t<path id=\"Path_3\" data-name=\"Path 3\" d=\"M10.5,20.5l10-10\" fill=\"none\" class=\"primary-stroke\" stroke-linecap=\"round\" stroke-linejoin=\"round\" stroke-width=\"2\"><\/path>\r\n\t\t\t\t\t\t\t\t\t\t\t\t<path id=\"Path_4\" data-name=\"Path 4\" d=\"M10.5,10.5h10v10\" fill=\"none\" class=\"primary-stroke\" stroke-linecap=\"round\" stroke-linejoin=\"round\" stroke-width=\"2\"><\/path>\r\n\t\t\t\t\t\t\t\t\t\t\t<\/g>\r\n\t\t\t\t\t\t\t\t\t\t<\/svg>\r\n\t\t\t\t\t\t\t\t\t<\/a>\r\n\t\t\t\t\t\t\t\t<\/div>\r\n\t\t\t\t\t\t\t<\/div>\r\n\t\t\t\t\t\t<\/div>\r\n\r\n\t\t\t\t\r\n\t\t\t<\/div>\r\n\t\t<\/div>\r\n\t<\/section>\r\n","protected":false},"excerpt":{"rendered":"","protected":false},"author":1,"featured_media":0,"parent":12778,"menu_order":8,"comment_status":"closed","ping_status":"closed","template":"","meta":{"_acf_changed":false,"footnotes":""},"class_list":["post-11950","page","type-page","status-publish","hentry"],"acf":[],"_links":{"self":[{"href":"https:\/\/malagacruiseport.com\/es\/wp-json\/wp\/v2\/pages\/11950","targetHints":{"allow":["GET"]}}],"collection":[{"href":"https:\/\/malagacruiseport.com\/es\/wp-json\/wp\/v2\/pages"}],"about":[{"href":"https:\/\/malagacruiseport.com\/es\/wp-json\/wp\/v2\/types\/page"}],"author":[{"embeddable":true,"href":"https:\/\/malagacruiseport.com\/es\/wp-json\/wp\/v2\/users\/1"}],"replies":[{"embeddable":true,"href":"https:\/\/malagacruiseport.com\/es\/wp-json\/wp\/v2\/comments?post=11950"}],"version-history":[{"count":7,"href":"https:\/\/malagacruiseport.com\/es\/wp-json\/wp\/v2\/pages\/11950\/revisions"}],"predecessor-version":[{"id":17207,"href":"https:\/\/malagacruiseport.com\/es\/wp-json\/wp\/v2\/pages\/11950\/revisions\/17207"}],"up":[{"embeddable":true,"href":"https:\/\/malagacruiseport.com\/es\/wp-json\/wp\/v2\/pages\/12778"}],"wp:attachment":[{"href":"https:\/\/malagacruiseport.com\/es\/wp-json\/wp\/v2\/media?parent=11950"}],"curies":[{"name":"wp","href":"https:\/\/api.w.org\/{rel}","templated":true}]}}