{"id":12611,"date":"2024-03-10T15:14:41","date_gmt":"2024-03-10T15:14:41","guid":{"rendered":"https:\/\/malaga.globalcruiseports.com\/parking\/"},"modified":"2026-02-25T01:32:36","modified_gmt":"2026-02-25T01:32:36","slug":"aparcamiento","status":"publish","type":"page","link":"https:\/\/malagacruiseport.com\/es\/aparcamiento\/","title":{"rendered":"Aparcamiento"},"content":{"rendered":"\r\n<section class=\"section page page-bg-light  \">\r\n\t<style>\r\n                .page-header-bg {\r\n                    background-image: url(https:\/\/malagacruiseport.com\/wp-content\/uploads\/sites\/55\/2025\/05\/DJI_0351-1-scaled.jpg);\r\n                    background-size: cover;\r\n                    background-position: center;\r\n                }\r\n\t\t\t\t.hero-content{\r\n\t\t\t\t    top: 50%;\r\n    \t\t\t\tposition: absolute;\r\n    \t\t\t\ttransform: translateY(-50%);\r\n\t\t\t\t}\r\n              <\/style><div class=\"page-header-bg pr\">\t<div class=\"container w100\">\r\n\t\t<div class=\"row flex hero-content\">\r\n\t\t\t<div class=\"cl-12 page-header\">\r\n\t\t\t\t<h5>Aparcamiento<\/h5>\r\n\t\t\t\t<h1>Aparcamiento<\/h1>\r\n\t\t\t<\/div>\r\n\t\t<\/div>\r\n\t<\/div>\r\n\t<\/div>\r\n<\/section>\r\n\r\n<section class=\"section \">\r\n\t<div class=\"schedule-container\">\r\n\t\t<div class=\"container\">\r\n\t\t\t<div class=\"row flex align-i-center justify-c-center\">\r\n\t\t\t\t<div class=\"cl-12\">\r\n\t\t\t\t\t<div class=\"\">\r\n\t\t\t\t\t\t<div class=\"row flex page-sub-menu\">\r\n\t\t\t\t\t\t\t<div class=\"cl-12\">\r\n\t\t\t\t\t\t\t\t<nav class=\"menu-class\"><ul id=\"menu-transportation-parking-es\" class=\"menu flex align-i-center justify-c-center\"><li id=\"menu-item-12873\" class=\"menu-item menu-item-type-post_type menu-item-object-page menu-item-12873\"><a href=\"https:\/\/malagacruiseport.com\/es\/transporte\/\">Transporte<\/a><\/li>\n<li id=\"menu-item-12874\" class=\"menu-item menu-item-type-post_type menu-item-object-page menu-item-12874\"><a href=\"https:\/\/malagacruiseport.com\/es\/aparcamiento\/\">Aparcamiento<\/a><\/li>\n<\/ul><\/nav>\t\t\t\t\t\t\t<\/div>\r\n\t\t\t\t\t\t<\/div>\r\n\t\t\t\t\t\t<div class=\"row flex align-i-center\">\r\n\t\t\t\t\t\t\t<div class=\"cl-5\">\r\n\t\t\t\t\t\t\t\t<h2>\r\n\t\t\t\t\t\t\t\t\tTu aventura  \t\t\t\t\t\t\t\t\t<br>\r\n\t\t\t\t\t\t\t\t\t<span class=\"primary-color\">comienza aqu\u00ed<\/span>\r\n\t\t\t\t\t\t\t\t<\/h2>\r\n\t\t\t\t\t\t\t<\/div>\r\n\t\t\t\t\t\t\t<div class=\"cl-7\">\r\n\t\t\t\t\t\t\t\t<p class=\"grey-color\">\u00a1Llegar a M\u00e1laga y salir de la ciudad es muy f\u00e1cil!\r\nYa sea en coche, transporte p\u00fablico u otros medios, encontrar\u00e1s opciones c\u00f3modas y un amplio estacionamiento para garantizar un viaje sin complicaciones.<\/p>\r\n\t\t\t\t\t\t\t<\/div>\r\n\t\t\t\t\t\t<\/div>\r\n\t\t\t\t\t\t<div class=\"row flex parking-booking-wrapper align-i-center\">\r\n\t\t\t\t\t\t\t<div class=\"cl-4\">\r\n\t\t\t\t\t\t\t\t<h3>Aparcamiento y Transporte <\/h3>\r\n\t\t\t\t\t\t\t\t<p><p>Aunque no hay aparcamiento dentro de la terminal, hay varias opciones de estacionamiento cercanas, adem\u00e1s de paradas de taxi y autob\u00fas que facilitan el acceso.<br \/>\n<br \/>\n<strong>Aparcamientos cercanos<\/strong><br \/>\n<br \/>\nTerminal Cruceros, Distrito Centro, 29016 M\u00e1laga<br \/>\nP.\u00ba de la Farola, 18, M\u00e1laga-Este, 29016 M\u00e1laga<br \/>\nP.\u00ba del Muelle Uno, 4, Distrito Centro, 29016 M\u00e1laga<br \/>\nC. Maestranza, 15\u201317, M\u00e1laga-Este, 29016 M\u00e1laga<br \/>\n<br \/>\nParada de taxis disponible frente a las terminales de cruceros.<br \/>\nParadas de autob\u00fas a pocos pasos, con conexiones f\u00e1ciles al centro de la ciudad y a las principales atracciones.<\/p>\n<\/p>\r\n\t\t\t\t\t\t\t\t\r\n\t\t\t\t\t\t\t<\/div>\r\n\t\t\t\t\t\t\t<div class=\"cl-7 offset-1\">\r\n\t\t\t\t\t\t\t\t<img decoding=\"async\" src=\"https:\/\/malagacruiseport.com\/wp-content\/uploads\/sites\/55\/2025\/03\/parking-scaled.jpg\" class=\"w100\" alt=\"\" \/>\r\n\t\t\t\t\t\t\t<\/div>\r\n\t\t\t\t\t\t<\/div>\r\n\t\t\t\t\t<\/div>\r\n\t\t\t\t<\/div>\r\n\t\t\t<\/div>\r\n\t\t<\/div>\r\n\t<\/div>\r\n<\/section>\r\n\r\n\r\n<section class=\"section\" id=\"parking-information\">\r\n\t<div class=\"container\">\r\n\t\t<div class=\"row flex align-i-center justify-c-center\">\r\n\t\t\t<div class=\"cl-12\">\r\n\t\t\t\t<div class=\"page-parking-information-wrapper mb-4\">\r\n\t\t\t\t\t<div class=\"row flex\">\r\n\t\t\t\t\t\t<div class=\"cl-12\">\r\n\t\t\t\t\t\t\t<h3>Su informaci\u00f3n de estacionamiento<\/h3>\r\n\t\t\t\t\t\t\t<p>En cuanto al aparcamiento, frente a las terminales de cruceros hay una amplia explanada p\u00fablica disponible para los veh\u00edculos de los pasajeros y acompa\u00f1antes.<\/p>\n<p>No es necesario sacar ticket ni realizar ning\u00fan tr\u00e1mite para estacionar.<\/p>\n<p>Sin embargo, es importante tener en cuenta que se trata de un espacio p\u00fablico, no gestionado ni perteneciente a Malaga Cruise Port, por lo que el puerto no se hace responsable de su uso ni de la disponibilidad de plazas.<\/p>\n\t\t\t\t\t\t<\/div>\r\n\t\t\t\t\t<\/div>\r\n\t\t\t\t<\/div>\r\n\t\t\t<\/div>\r\n\t\t<\/div>\r\n\t<\/div>\r\n<\/section>\r\n\n\n\r\n<style>\r\n\t.section-social-responsibilities .page-header-bg {\r\n\t\tbackground-image: url('https:\/\/malagacruiseport.com\/wp-content\/uploads\/sites\/55\/2024\/04\/parking-prices-bg.jpg');\r\n\t}\r\n<\/style>\r\n\r\n\n\n\n\n","protected":false},"excerpt":{"rendered":"","protected":false},"author":1,"featured_media":0,"parent":0,"menu_order":53,"comment_status":"closed","ping_status":"closed","template":"","meta":{"_acf_changed":false,"footnotes":""},"class_list":["post-12611","page","type-page","status-publish","hentry"],"acf":[],"_links":{"self":[{"href":"https:\/\/malagacruiseport.com\/es\/wp-json\/wp\/v2\/pages\/12611","targetHints":{"allow":["GET"]}}],"collection":[{"href":"https:\/\/malagacruiseport.com\/es\/wp-json\/wp\/v2\/pages"}],"about":[{"href":"https:\/\/malagacruiseport.com\/es\/wp-json\/wp\/v2\/types\/page"}],"author":[{"embeddable":true,"href":"https:\/\/malagacruiseport.com\/es\/wp-json\/wp\/v2\/users\/1"}],"replies":[{"embeddable":true,"href":"https:\/\/malagacruiseport.com\/es\/wp-json\/wp\/v2\/comments?post=12611"}],"version-history":[{"count":9,"href":"https:\/\/malagacruiseport.com\/es\/wp-json\/wp\/v2\/pages\/12611\/revisions"}],"predecessor-version":[{"id":17234,"href":"https:\/\/malagacruiseport.com\/es\/wp-json\/wp\/v2\/pages\/12611\/revisions\/17234"}],"wp:attachment":[{"href":"https:\/\/malagacruiseport.com\/es\/wp-json\/wp\/v2\/media?parent=12611"}],"curies":[{"name":"wp","href":"https:\/\/api.w.org\/{rel}","templated":true}]}}