{"id":13063,"date":"2025-10-21T10:51:19","date_gmt":"2025-10-21T10:51:19","guid":{"rendered":"https:\/\/malaga.globalcruiseports.com\/terminal-el-palmeral\/"},"modified":"2026-02-25T01:15:52","modified_gmt":"2026-02-25T01:15:52","slug":"terminalelpalmeral","status":"publish","type":"page","link":"https:\/\/malagacruiseport.com\/es\/terminalelpalmeral\/","title":{"rendered":"Terminal El Palmeral"},"content":{"rendered":"<div class=\"acf-block-preview\" style=\"padding:20px;background:#f5f5f5\">\r\n\t\tHero Block Preview\r\n\t<\/div>\n\n\r\n<section class=\"section section-marina-content \" data-section=\"home-section--about\" id=\"home-section--about\">\r\n\t<div class=\"container\">\r\n\t\t<div class=\"row flex align-i-center\">\r\n\t\t\t<div class=\"cl-5\">\r\n\t\t\t\t<h4 class=\"light-color\">LA TERMINAL EL PALMERAL<\/h4>\r\n\t\t\t\t<h2>\r\n\t\t\t\t\tTu Concepto de <br><span class=\"primary-color\">Alfombra Roja<\/span>\t\t\t\t<\/h2>\r\n\t\t\t<\/div>\r\n\t\t\t<div class=\"cl-7\">\r\n\t\t\t\t<p>Disfruta de la terminal m\u00e1s exclusiva del Mediterr\u00e1neo, rodeada de los jardines de El Palmeral y situada en pleno coraz\u00f3n del encantador centro hist\u00f3rico de M\u00e1laga. Esta terminal ofrece una amplia gama de servicios premium exclusivos a nuestros hu\u00e9spedes de crucero para que puedan disfrutar de la ciudad desde el mismo momento en que ponen un pie en nuestras instalaciones.<\/p>\r\n\t\t\t<\/div>\r\n\t\t<\/div>\r\n\t\t<div class=\"section-marina-content-row row flex\">\r\n\t\t\t<div class=\"cl-7\">\r\n\t\t\t\t\t\t\t\t\t\t\t\t\t<img decoding=\"async\" src=\"https:\/\/malagacruiseport.com\/wp-content\/uploads\/sites\/55\/2025\/10\/05112024JMERIDA_1-188-1.jpg\" class=\"w100\" alt=\"\" \/>\r\n\t\t\t\t\t\t\t<\/div>\r\n\t\t\t<div class=\"cl-5 section-marina-content-with-text\">\r\n\t\t\t\t\t\t\t\t\t<h3>Bienvenido a la Exclusividad<\/h3>\r\n\t\t\t\t\t<p>Descubre la terminal de cruceros m\u00e1s exclusiva del Mediterr\u00e1neo, rodeada por los exuberantes jardines de El Palmeral y ubicada en el coraz\u00f3n del encantador centro hist\u00f3rico de M\u00e1laga. Desde tu llegada, la terminal se convierte en la puerta de entrada ideal a este vibrante destino, combinando elegancia, comodidad y un toque del car\u00e1cter local.<\/p>\n<p>Sal y enam\u00f3rate de M\u00e1laga. Pi\u00e9rdete por sus animadas calles, sum\u00e9rgete en sus sabores y aromas \u00fanicos, y siente la calidez de su gente. En la Terminal El Palmeral, nuestra boutique Duty Free ofrece una cuidada selecci\u00f3n de productos artesanales y gastron\u00f3micos locales que capturan la esencia de la ciudad.<\/p>\n<p>Para hacer tu viaje a\u00fan m\u00e1s memorable, nuestro mostrador de Concierge est\u00e1 a tu disposici\u00f3n con una amplia variedad de servicios premium y experiencias a medida. Ya sea que busques descubrimientos culturales, aventuras gastron\u00f3micas o asistencia personalizada, nos aseguramos de atender cada una de tus solicitudes. Solo imagina lo que deseas, nuestro equipo lo har\u00e1 realidad.<\/p>\n\t\t\t\t\t\t\t<\/div>\r\n\t\t<\/div>\r\n\t\t\t\t\t<div class=\"section-marina-content-items section-marina-content-items-sub-row row flex\">\r\n\t\t\t\t\t\t\t\t\t<div class=\"item cl-3\">\r\n\t\t\t\t\t\t<div class=\"icon\">\r\n\t\t\t\t\t\t\t<img decoding=\"async\" src=\"https:\/\/malagacruiseport.com\/wp-content\/uploads\/sites\/55\/2025\/10\/fitness.svg\" alt=\"\" \/>\r\n\t\t\t\t\t\t<\/div>\r\n\t\t\t\t\t\t<div class=\"title\">\r\n\t\t\t\t\t\t\tServicio de Entrega de \t\t\t\t\t\t<\/div>\r\n\t\t\t\t\t\t<div class=\"text\">\r\n\t\t\t\t\t\t\tEquipaje. Servicio pr\u00e1ctico para enviar tu equipaje directamente hacia o desde la terminal de cruceros.\t\t\t\t\t\t<\/div>\r\n\t\t\t\t\t<\/div>\r\n\t\t\t\t\t\t\t\t\t<div class=\"item cl-3\">\r\n\t\t\t\t\t\t<div class=\"icon\">\r\n\t\t\t\t\t\t\t<img decoding=\"async\" src=\"https:\/\/malagacruiseport.com\/wp-content\/uploads\/sites\/55\/2025\/10\/target_market-1.svg\" alt=\"\" \/>\r\n\t\t\t\t\t\t<\/div>\r\n\t\t\t\t\t\t<div class=\"title\">\r\n\t\t\t\t\t\t\tWi-Fi Gratis. \t\t\t\t\t\t<\/div>\r\n\t\t\t\t\t\t<div class=\"text\">\r\n\t\t\t\t\t\t\tConexi\u00f3n a internet gratuita disponible para todos los pasajeros en la terminal.\t\t\t\t\t\t<\/div>\r\n\t\t\t\t\t<\/div>\r\n\t\t\t\t\t\t\t\t\t<div class=\"item cl-3\">\r\n\t\t\t\t\t\t<div class=\"icon\">\r\n\t\t\t\t\t\t\t<img decoding=\"async\" src=\"https:\/\/malagacruiseport.com\/wp-content\/uploads\/sites\/55\/2025\/10\/Group-165009.svg\" alt=\"\" \/>\r\n\t\t\t\t\t\t<\/div>\r\n\t\t\t\t\t\t<div class=\"title\">\r\n\t\t\t\t\t\t\tInmersi\u00f3n Cultural. \t\t\t\t\t\t<\/div>\r\n\t\t\t\t\t\t<div class=\"text\">\r\n\t\t\t\t\t\t\tDescubre las tradiciones, sabores y el patrimonio de M\u00e1laga directamente en el puerto.\t\t\t\t\t\t<\/div>\r\n\t\t\t\t\t<\/div>\r\n\t\t\t\t\t\t\t\t\t<div class=\"item cl-3\">\r\n\t\t\t\t\t\t<div class=\"icon\">\r\n\t\t\t\t\t\t\t<img decoding=\"async\" src=\"https:\/\/malagacruiseport.com\/wp-content\/uploads\/sites\/55\/2025\/10\/fingerprint-scan-1.svg\" alt=\"\" \/>\r\n\t\t\t\t\t\t<\/div>\r\n\t\t\t\t\t\t<div class=\"title\">\r\n\t\t\t\t\t\t\tExperiencias a Medida.\t\t\t\t\t\t<\/div>\r\n\t\t\t\t\t\t<div class=\"text\">\r\n\t\t\t\t\t\t\tExcursiones y actividades personalizadas dise\u00f1adas para adaptarse a tus intereses.\t\t\t\t\t\t<\/div>\r\n\t\t\t\t\t<\/div>\r\n\t\t\t\t\t\t\t<\/div>\r\n\t\t\r\n\t<\/div>\r\n\r\n\t<style>\r\n\r\n.marina-content-main-slider .slick-next::before {\r\n\tdisplay: none !important;\r\n}\r\n.marina-content-main-slider .slick-prev::before {\r\n\tdisplay: none !important;\r\n}\r\n\t<\/style>\r\n<\/section>\n\n\r\n<!-- Img silincen sat\u0131r\r\n\t\t\t\t\t\t \r\n\t\t\t\t\t\t<img decoding=\"async\" src=\"'.$item['cta_icon'].'\" \/>\r\n\t\t\t\t\t\t\r\n\t\t\t\t\t\t--->\n\n\r\n<style>\r\n\t.section-social-amenities .page-header-bg {\r\n\t\tbackground-image: url(https:\/\/malagacruiseport.com\/wp-content\/uploads\/sites\/55\/2025\/11\/Group-223968.jpg);\r\n\t}\r\n<\/style>\r\n\r\n<section class=\"section section-social-responsibilities section-social-amenities page page-bg-light \">\r\n\t<div class=\"page-header-bg flex align-i-start justify-c-start\">\r\n\t\t<div class=\"container w100\">\r\n\t\t\t<div class=\"row flex\">\r\n\t\t\t\t<div class=\"cl-12 page-header\">\r\n\t\t\t\t\t<h3>AMENITIES<\/h3>\r\n\t\t\t\t\t<h1>Atraca tu crucero con estilo<\/h1>\r\n\t\t\t\t\t<p>La Terminal El Palmeral es la puerta m\u00e1s exclusiva de M\u00e1laga para los cruceros de lujo, ofreciendo un entorno boutique rodeado por los jardines de El Palmeral y a solo unos pasos del centro hist\u00f3rico de la ciudad. Con atraque seguro, operaciones eficientes y una escala que permite un servicio personalizado, la terminal garantiza una experiencia fluida tanto para las navieras como para sus hu\u00e9spedes. Desde asistencia de nivel concierge hasta experiencias locales a medida y una oferta comercial exclusiva, El Palmeral combina la sofisticaci\u00f3n mediterr\u00e1nea con el aut\u00e9ntico encanto andaluz, haciendo de cada escala un recuerdo inolvidable.<\/p>\r\n\t\t\t\t<\/div>\r\n\t\t\t<\/div>\r\n\t\t<\/div>\r\n\t<\/div>\r\n\t<div class=\"page-content-wrapper\">\r\n\t\t<div class=\"container\">\r\n\t\t\t<div class=\"row flex align-i-center justify-c-center\">\r\n\t\t\t\t<div class=\"cl-10\">\r\n\t\t\t\t\t<div class=\"page-bg-white\">\r\n\t\t\t\t\t\t<div class=\"row flex align-i-center justify-c-center\">\r\n\t\t\t\t\t\t\t<div class=\"cl-12 section-marina-amenities-header\">\r\n\t\t\t\t\t\t\t\t<h2><\/h2>\r\n\t\t\t\t\t\t\t<\/div>\r\n\t\t\t\t\t\t<\/div>\r\n\t\t\t\t\t\t<div class=\"section-marina-amenities-items accordion accordion-ii\">\r\n\t\t\t\t\t\t\t<div class=\"row flex flex-wrap\">\r\n\t\t\t\t\t\t\t\t\t\t\t\t\t\t\t\t\t<div class=\"cl-6 item\">\r\n\t\t\t\t\t\t\t\t\t\t<span class=\"icon-image\" style=\"background-color:#1997aa\">\r\n\t\t\t\t\t\t\t\t\t\t\t<img decoding=\"async\" src=\"https:\/\/malagacruiseport.com\/wp-content\/uploads\/sites\/55\/2025\/11\/right-1.png\" alt=\"\" \/>\r\n\t\t\t\t\t\t\t\t\t\t<\/span>\r\n\t\t\t\t\t\t\t\t\t\t<p>Concierge 24\/7<\/p>\r\n\t\t\t\t\t\t\t\t\t<\/div>\r\n\t\t\t\t\t\t\t\t\t\t\t\t\t\t\t\t\t<div class=\"cl-6 item\">\r\n\t\t\t\t\t\t\t\t\t\t<span class=\"icon-image\" style=\"background-color:#1997aa\">\r\n\t\t\t\t\t\t\t\t\t\t\t<img decoding=\"async\" src=\"https:\/\/malagacruiseport.com\/wp-content\/uploads\/sites\/55\/2025\/11\/right-1.png\" alt=\"\" \/>\r\n\t\t\t\t\t\t\t\t\t\t<\/span>\r\n\t\t\t\t\t\t\t\t\t\t<p>Inmersi\u00f3n cultural<\/p>\r\n\t\t\t\t\t\t\t\t\t<\/div>\r\n\t\t\t\t\t\t\t\t\t\t\t\t\t\t\t\t\t<div class=\"cl-6 item\">\r\n\t\t\t\t\t\t\t\t\t\t<span class=\"icon-image\" style=\"background-color:#1997aa\">\r\n\t\t\t\t\t\t\t\t\t\t\t<img decoding=\"async\" src=\"https:\/\/malagacruiseport.com\/wp-content\/uploads\/sites\/55\/2025\/11\/right-1.png\" alt=\"\" \/>\r\n\t\t\t\t\t\t\t\t\t\t<\/span>\r\n\t\t\t\t\t\t\t\t\t\t<p>Servicios de salud y belleza<\/p>\r\n\t\t\t\t\t\t\t\t\t<\/div>\r\n\t\t\t\t\t\t\t\t\t\t\t\t\t\t\t\t\t<div class=\"cl-6 item\">\r\n\t\t\t\t\t\t\t\t\t\t<span class=\"icon-image\" style=\"background-color:#1997aa\">\r\n\t\t\t\t\t\t\t\t\t\t\t<img decoding=\"async\" src=\"https:\/\/malagacruiseport.com\/wp-content\/uploads\/sites\/55\/2025\/11\/right-1.png\" alt=\"\" \/>\r\n\t\t\t\t\t\t\t\t\t\t<\/span>\r\n\t\t\t\t\t\t\t\t\t\t<p>Anfitri\u00f3n y traductor<\/p>\r\n\t\t\t\t\t\t\t\t\t<\/div>\r\n\t\t\t\t\t\t\t\t\t\t\t\t\t\t\t\t\t<div class=\"cl-6 item\">\r\n\t\t\t\t\t\t\t\t\t\t<span class=\"icon-image\" style=\"background-color:#1997aa\">\r\n\t\t\t\t\t\t\t\t\t\t\t<img decoding=\"async\" src=\"https:\/\/malagacruiseport.com\/wp-content\/uploads\/sites\/55\/2025\/11\/right-1.png\" alt=\"\" \/>\r\n\t\t\t\t\t\t\t\t\t\t<\/span>\r\n\t\t\t\t\t\t\t\t\t\t<p>Servicio de entrega de equipaje<\/p>\r\n\t\t\t\t\t\t\t\t\t<\/div>\r\n\t\t\t\t\t\t\t\t\t\t\t\t\t\t\t\t\t<div class=\"cl-6 item\">\r\n\t\t\t\t\t\t\t\t\t\t<span class=\"icon-image\" style=\"background-color:#1997aa\">\r\n\t\t\t\t\t\t\t\t\t\t\t<img decoding=\"async\" src=\"https:\/\/malagacruiseport.com\/wp-content\/uploads\/sites\/55\/2025\/11\/right-1.png\" alt=\"\" \/>\r\n\t\t\t\t\t\t\t\t\t\t<\/span>\r\n\t\t\t\t\t\t\t\t\t\t<p>Personal shopper<\/p>\r\n\t\t\t\t\t\t\t\t\t<\/div>\r\n\t\t\t\t\t\t\t\t\t\t\t\t\t\t\t\t\t<div class=\"cl-6 item\">\r\n\t\t\t\t\t\t\t\t\t\t<span class=\"icon-image\" style=\"background-color:#1997aa\">\r\n\t\t\t\t\t\t\t\t\t\t\t<img decoding=\"async\" src=\"https:\/\/malagacruiseport.com\/wp-content\/uploads\/sites\/55\/2025\/11\/right-1.png\" alt=\"\" \/>\r\n\t\t\t\t\t\t\t\t\t\t<\/span>\r\n\t\t\t\t\t\t\t\t\t\t<p>Reservas en restaurantes<\/p>\r\n\t\t\t\t\t\t\t\t\t<\/div>\r\n\t\t\t\t\t\t\t\t\t\t\t\t\t\t\t\t\t<div class=\"cl-6 item\">\r\n\t\t\t\t\t\t\t\t\t\t<span class=\"icon-image\" style=\"background-color:#1997aa\">\r\n\t\t\t\t\t\t\t\t\t\t\t<img decoding=\"async\" src=\"https:\/\/malagacruiseport.com\/wp-content\/uploads\/sites\/55\/2025\/11\/right-1.png\" alt=\"\" \/>\r\n\t\t\t\t\t\t\t\t\t\t<\/span>\r\n\t\t\t\t\t\t\t\t\t\t<p>Experiencias a medida<\/p>\r\n\t\t\t\t\t\t\t\t\t<\/div>\r\n\t\t\t\t\t\t\t\t\t\t\t\t\t\t\t\t\t<div class=\"cl-6 item\">\r\n\t\t\t\t\t\t\t\t\t\t<span class=\"icon-image\" style=\"background-color:#1997aa\">\r\n\t\t\t\t\t\t\t\t\t\t\t<img decoding=\"async\" src=\"https:\/\/malagacruiseport.com\/wp-content\/uploads\/sites\/55\/2025\/11\/right-1.png\" alt=\"\" \/>\r\n\t\t\t\t\t\t\t\t\t\t<\/span>\r\n\t\t\t\t\t\t\t\t\t\t<p>Wi-Fi gratuito<\/p>\r\n\t\t\t\t\t\t\t\t\t<\/div>\r\n\t\t\t\t\t\t\t\t\t\t\t\t\t\t\t\t\t<div class=\"cl-6 item\">\r\n\t\t\t\t\t\t\t\t\t\t<span class=\"icon-image\" style=\"background-color:#1997aa\">\r\n\t\t\t\t\t\t\t\t\t\t\t<img decoding=\"async\" src=\"https:\/\/malagacruiseport.com\/wp-content\/uploads\/sites\/55\/2025\/11\/right-1.png\" alt=\"\" \/>\r\n\t\t\t\t\t\t\t\t\t\t<\/span>\r\n\t\t\t\t\t\t\t\t\t\t<p>Catas de vino<\/p>\r\n\t\t\t\t\t\t\t\t\t<\/div>\r\n\t\t\t\t\t\t\t\t\t\t\t\t\t\t\t<\/div>\r\n\t\t\t\t\t\t<\/div>\r\n\t\t\t\t\t<\/div>\r\n\t\t\t\t<\/div>\r\n\t\t\t<\/div>\r\n\t\t<\/div>\r\n\t<\/div>\r\n<\/section>\r\n\r\n\r\n<style>\r\n.icon-image {\r\n    display: block;\r\n    margin: 0; \/* Alt margin'i kald\u0131r *\/\r\n    width: 2.2rem;\r\n    height: 2.2rem;\r\n    line-height: 2.2rem;\r\n    text-align: center;\r\n    border-radius: 100%;\r\n    position: relative;\r\n    flex-shrink: 0; \/* \u0130konun k\u00fc\u00e7\u00fclmesini engelle *\/\r\n}\r\n\r\n.icon-image img{\r\n\tposition: absolute;\r\n    left: 50%;\r\n    transform: translate(-50%, -50%);\r\n    top: 50%;\r\n}\r\n<\/style>\n\n\r\n<section class=\"section section-marina-contact \" data-section=\"home-section--contact\" id=\"home-section--contact\">\r\n\t<div class=\"container\">\r\n\t\t<div class=\"row flex align-i-center\">\r\n\t\t\t<div class=\"cl-5\">\r\n\t\t\t\t<h4 class=\"light-color\">HABLEMOS<\/h4>\r\n\t\t\t\t<h2>Ponte en contacto<\/h2>\r\n\t\t\t\t<p>\u00bfListo para descubrir la vibrante M\u00e1laga? Reserva un atraque en la Terminal El Palmeral, rodeada por los jardines de El Palmeral y en pleno coraz\u00f3n de la ciudad. Te responderemos en un m\u00e1ximo de 24 horas, o ll\u00e1manos para recibir atenci\u00f3n m\u00e1s r\u00e1pida.<\/p>\r\n\t\t\t\t<div class=\"section-marina-contact-content\">\r\n\t\t\t\t\t\t\t\t\t<\/div>\r\n\t\t\t<\/div>\r\n\t\t\t<div class=\"cl-6 offset-1\">\r\n\t\t\t\t<div class=\"marina-contact-form-wrapper\">\r\n\t\t\t\t\t\n<div class=\"wpcf7 no-js\" id=\"wpcf7-f13039-o1\" lang=\"es-ES\" dir=\"ltr\" data-wpcf7-id=\"13039\">\n<div class=\"screen-reader-response\"><p role=\"status\" aria-live=\"polite\" aria-atomic=\"true\"><\/p> <ul><\/ul><\/div>\n<form action=\"\/es\/wp-json\/wp\/v2\/pages\/13063#wpcf7-f13039-o1\" method=\"post\" class=\"wpcf7-form init\" aria-label=\"Formulario de contacto\" novalidate=\"novalidate\" data-status=\"init\">\n<fieldset class=\"hidden-fields-container\"><input type=\"hidden\" name=\"_wpcf7\" value=\"13039\" \/><input type=\"hidden\" name=\"_wpcf7_version\" value=\"6.1.5\" \/><input type=\"hidden\" name=\"_wpcf7_locale\" value=\"es_ES\" \/><input type=\"hidden\" name=\"_wpcf7_unit_tag\" value=\"wpcf7-f13039-o1\" \/><input type=\"hidden\" name=\"_wpcf7_container_post\" value=\"0\" \/><input type=\"hidden\" name=\"_wpcf7_posted_data_hash\" value=\"\" \/><input type=\"hidden\" name=\"_wpcf7_recaptcha_response\" value=\"\" \/>\n<\/fieldset>\n<div class=\"row flex form-header\">\n\t<div class=\"cl-12\">\n\t\t<h3>Ponte en contacto con nosotros\n\t\t<\/h3>\n\t\t<p>Por favor, completa este formulario si deseas recibir informaci\u00f3n adicional. Estamos deseando darte la bienvenida.\n\t\t<\/p>\n\t<\/div>\n<\/div>\n<div class=\"row flex form-group\">\n\t<div class=\"cl-12\">\n\t\t<p><label class=\"label-placeholder\"><span class=\"plc-label\">Nombre<\/span><span class=\"wpcf7-form-control-wrap\" data-name=\"form-name\"><input size=\"40\" maxlength=\"400\" class=\"wpcf7-form-control wpcf7-text wpcf7-validates-as-required\" aria-required=\"true\" aria-invalid=\"false\" value=\"\" type=\"text\" name=\"form-name\" \/><\/span><\/label>\n\t\t<\/p>\n\t<\/div>\n<\/div>\n<div class=\"row flex form-group\">\n\t<div class=\"cl-12\">\n\t\t<p><label class=\"label-placeholder\"><span class=\"plc-label\">Direcci\u00f3n de e-mail<\/span><span class=\"wpcf7-form-control-wrap\" data-name=\"form-email\"><input size=\"40\" maxlength=\"400\" class=\"wpcf7-form-control wpcf7-email wpcf7-validates-as-required wpcf7-text wpcf7-validates-as-email\" aria-required=\"true\" aria-invalid=\"false\" value=\"\" type=\"email\" name=\"form-email\" \/><\/span><\/label>\n\t\t<\/p>\n\t<\/div>\n<\/div>\n<div class=\"row flex form-group\">\n\t<div class=\"cl-12\">\n\t\t<p><label class=\"label-placeholder\"><span class=\"plc-label\">Ciudad<\/span><span class=\"wpcf7-form-control-wrap\" data-name=\"form-city\"><input size=\"40\" maxlength=\"400\" class=\"wpcf7-form-control wpcf7-text wpcf7-validates-as-required\" aria-required=\"true\" aria-invalid=\"false\" value=\"\" type=\"text\" name=\"form-city\" \/><\/span><\/label>\n\t\t<\/p>\n\t<\/div>\n<\/div>\n<div class=\"row flex form-group\">\n\t<div class=\"cl-12\">\n\t\t<p><label class=\"label-placeholder\"><span class=\"plc-label\">Tu mensaje<\/span><span class=\"wpcf7-form-control-wrap\" data-name=\"form-message\"><textarea cols=\"40\" rows=\"10\" maxlength=\"2000\" class=\"wpcf7-form-control wpcf7-textarea wpcf7-validates-as-required\" aria-required=\"true\" aria-invalid=\"false\" name=\"form-message\"><\/textarea><\/span><\/label>\n\t\t<\/p>\n\t<\/div>\n<\/div>\n<div class=\"row flex form-group\">\n\t<div class=\"cl-9\">\n\t\t<p><span class=\"wpcf7-form-control-wrap\" data-name=\"form-acceptance\"><span class=\"wpcf7-form-control wpcf7-acceptance\"><span class=\"wpcf7-list-item\"><label><input type=\"checkbox\" name=\"form-acceptance\" value=\"1\" aria-invalid=\"false\" \/><span class=\"wpcf7-list-item-label\">Al hacer clic, reconoces y aceptas que tus datos personales ser\u00e1n tratados de forma segura y utilizados exclusivamente para los fines descritos en el Aviso de Privacidad, incluyendo el env\u00edo de comunicaciones comerciales y promocionales. Tienes derecho a retirar tu consentimiento o actualizar tus preferencias en cualquier momento<\/span><\/label><\/span><\/span><\/span>\n\t\t<\/p>\n\t<\/div>\n\t<div class=\"cl-3\">\n\t\t<p><input class=\"wpcf7-form-control wpcf7-submit has-spinner primary-bg-color\" type=\"submit\" value=\"ENVIAR\" \/>\n\t\t<\/p>\n\t<\/div>\n<\/div>\n<style>\n.wpcf7-not-valid-tip {\n display: none;\n}\n\n.wpcf7-not-valid-tip:first-of-type {\n display: block !important;\n}\n<\/style>\n<p><script>\ndocument.addEventListener('DOMContentLoaded', function() {\n var telInput = document.getElementById('your-tel');\n\n telInput.addEventListener('input', function(e) {\n this.value = this.value.replace(\/[^0-9]\/g, '');\n });\n});\n<\/script>\n<\/p><div class=\"wpcf7-response-output\" aria-hidden=\"true\"><\/div>\n<\/form>\n<\/div>\n\t\t\t\t<\/div>\r\n\t\t\t<\/div>\r\n\t\t<\/div>\r\n\t<\/div>\r\n<\/section>\r\n\r\n<style>\r\n\r\n.section-marina-contact-content .item{\r\n\tgap: 2.5rem;\r\n}\r\n\r\n.contact-icon {\r\n    display: block;\r\n    margin: 0 0 0.2rem 0;\r\n    width: 3.75rem;\r\n    height: 3.75rem;\r\n    line-height: 2.2rem;\r\n    text-align: center;\r\n    border-radius: 100%;\r\n\tposition: relative;\r\n}\r\n\r\n.contact-icon img{\r\n\tposition: absolute;\r\n    left: 50%;\r\n    transform: translate(-50%, -50%);\r\n    top: 50%;\r\n}\r\n<\/style>\n\n\r\n<section class=\"section tab section-tabs marina-news\" data-section=\"home-section--news\" id=\"home-section--news\">\r\n\t<div class=\"container tab-container\">\r\n\t\t<div class=\"row flex\">\r\n\t\t\t<div class=\"cl-5\">\r\n\t\t\t\t<h2>\r\n\t\t\t\t\tNoticias desde\t\t\t\t\t<br>\r\n\t\t\t\t\t<span class=\"primary-color\">Malaga Cruise Port<\/span>\r\n\t\t\t\t<\/h2>\r\n\t\t\t<\/div>\r\n\t\t\t\t\t\t\t<div class=\"cl-7\">\r\n\t\t\t\t\t<p class=\"grey-color\">Mantente informado con las \u00faltimas novedades del Malaga Cruise Port. Desde emocionantes eventos y desarrollos en la terminal hasta actualizaciones sobre nuestros proyectos en curso, este es tu punto de referencia para todas las noticias e historias que dan forma a nuestra vibrante comunidad portuaria. Tanto si eres visitante como residente local, aqu\u00ed encontrar\u00e1s todo lo que sucede en el Malaga Cruise Port.<\/p>\r\n\t\t\t\t<\/div>\r\n\t\t\t\t\t<\/div>\r\n\t\t\t\t\t\t\t\t\t<div class=\"row flex\">\r\n\t\t\t<div class=\"cl-12\">\r\n\t\t\t\t<div class=\"tab-content\">\r\n\t\t\t\t\t\t\t\t\t\t\t\t\t\t\t\t<div class=\"tab-pane active\" data-tab=\"tabs_tab2\">\r\n\t\t\t\t\t\t\t<div class=\"slider-listing\">\r\n\t\t\t\t\t\t\t\t<div class=\"events-slider\">\r\n\t\t\t\t\t\t\t\t\t\t\t\t\t\t\t\t\t\t\t\t<div class=\"slider-item\">\r\n\t\t\t\t\t\t\t\t\t\t\t\t<div class=\"item\">\r\n\t\t\t\t\t\t\t\t\t\t\t\t\t<div class=\"image\">\r\n\t\t\t\t\t\t\t\t\t\t\t\t\t\t<a href=\"https:\/\/malagacruiseport.com\/es\/news\/puerto-y-destino-promueven-en-el-turismo-de-cruceros-en-seatrade-cruise-global\/\">\r\n\t\t\t\t\t\t\t\t\t\t\t\t\t\t\t<img decoding=\"async\" src=\"https:\/\/malagacruiseport.com\/wp-content\/uploads\/sites\/55\/2026\/04\/Foto-de-familia-prensa.jpg\" alt=\"\">\r\n\t\t\t\t\t\t\t\t\t\t\t\t\t\t<\/a>\r\n\t\t\t\t\t\t\t\t\t\t\t\t\t<\/div>\r\n\t\t\t\t\t\t\t\t\t\t\t\t\t<div class=\"content\">\r\n\t\t\t\t\t\t\t\t\t\t\t\t\t\t<div class=\"date\">\r\n\t\t\t\t\t\t\t\t\t\t\t\t\t\t\t17 Abr 2026\t\t\t\t\t\t\t\t\t\t\t\t\t\t<\/div>\r\n\t\t\t\t\t\t\t\t\t\t\t\t\t\t<div class=\"title\">\r\n\t\t\t\t\t\t\t\t\t\t\t\t\t\t\t<a href=\"https:\/\/malagacruiseport.com\/es\/news\/puerto-y-destino-promueven-en-el-turismo-de-cruceros-en-seatrade-cruise-global\/\">Puerto y destino promueven en el turismo de cruceros en Seatrade Cruise Global<\/a>\r\n\t\t\t\t\t\t\t\t\t\t\t\t\t\t<\/div>\r\n\t\t\t\t\t\t\t\t\t\t\t\t\t\t<div class=\"summary\">\r\n\t\t\t\t\t\t\t\t\t\t\t\t\t\t\t<p>La participaci\u00f3n de la delegaci\u00f3n malague\u00f1a en esta importante feria internacional da continuidad a la acci\u00f3n comercial con navieras de EEUU realizada en febrero. Miami, 17 de abril de 2026.- Una delegaci\u00f3n del Puerto de M\u00e1laga y el destino asisti\u00f3, como cada a\u00f1o, al evento internacional m\u00e1s importante de la industria del crucero, Seatrade Cruise [&hellip;]<\/p>\n\t\t\t\t\t\t\t\t\t\t\t\t\t\t<\/div>\r\n\t\t\t\t\t\t\t\t\t\t\t\t\t<\/div>\r\n\t\t\t\t\t\t\t\t\t\t\t\t<\/div>\r\n\t\t\t\t\t\t\t\t\t\t\t<\/div>\r\n\t\t\t\t\t\t\t\t\t\t\t\t\t\t\t\t\t\t\t\t<div class=\"slider-item\">\r\n\t\t\t\t\t\t\t\t\t\t\t\t<div class=\"item\">\r\n\t\t\t\t\t\t\t\t\t\t\t\t\t<div class=\"image\">\r\n\t\t\t\t\t\t\t\t\t\t\t\t\t\t<a href=\"https:\/\/malagacruiseport.com\/es\/news\/puerto-ciudad-y-comercio-local-se-unen-en-la-campana-malaga-cruise-shops\/\">\r\n\t\t\t\t\t\t\t\t\t\t\t\t\t\t\t<img decoding=\"async\" src=\"https:\/\/malagacruiseport.com\/wp-content\/uploads\/sites\/55\/2026\/03\/20260318_095636-scaled.jpg\" alt=\"\">\r\n\t\t\t\t\t\t\t\t\t\t\t\t\t\t<\/a>\r\n\t\t\t\t\t\t\t\t\t\t\t\t\t<\/div>\r\n\t\t\t\t\t\t\t\t\t\t\t\t\t<div class=\"content\">\r\n\t\t\t\t\t\t\t\t\t\t\t\t\t\t<div class=\"date\">\r\n\t\t\t\t\t\t\t\t\t\t\t\t\t\t\t18 Mar 2026\t\t\t\t\t\t\t\t\t\t\t\t\t\t<\/div>\r\n\t\t\t\t\t\t\t\t\t\t\t\t\t\t<div class=\"title\">\r\n\t\t\t\t\t\t\t\t\t\t\t\t\t\t\t<a href=\"https:\/\/malagacruiseport.com\/es\/news\/puerto-ciudad-y-comercio-local-se-unen-en-la-campana-malaga-cruise-shops\/\">Puerto, ciudad y comercio local se unen en la campa\u00f1a M\u00e1laga Cruise Shops<\/a>\r\n\t\t\t\t\t\t\t\t\t\t\t\t\t\t<\/div>\r\n\t\t\t\t\t\t\t\t\t\t\t\t\t\t<div class=\"summary\">\r\n\t\t\t\t\t\t\t\t\t\t\t\t\t\t\t<p>La campa\u00f1a\u00a0M\u00e1laga Cruise Shops\u00a0ha sido presentada hoy en rueda de prensa por\u00a0Pilar Fern\u00e1ndez-F\u00edgares, gerente de la Fundaci\u00f3n M\u00e1lagaport, y\u00a0Elisa P\u00e9rez de Siles, concejala delegada de Comercio, V\u00eda P\u00fablica y Fomento de la Actividad Empresarial, en un acto que ha servido para poner en valor la estrecha colaboraci\u00f3n existente entre el puerto, la ciudad y el [&hellip;]<\/p>\n\t\t\t\t\t\t\t\t\t\t\t\t\t\t<\/div>\r\n\t\t\t\t\t\t\t\t\t\t\t\t\t<\/div>\r\n\t\t\t\t\t\t\t\t\t\t\t\t<\/div>\r\n\t\t\t\t\t\t\t\t\t\t\t<\/div>\r\n\t\t\t\t\t\t\t\t\t\t\t\t\t\t\t\t\t\t\t\t<div class=\"slider-item\">\r\n\t\t\t\t\t\t\t\t\t\t\t\t<div class=\"item\">\r\n\t\t\t\t\t\t\t\t\t\t\t\t\t<div class=\"image\">\r\n\t\t\t\t\t\t\t\t\t\t\t\t\t\t<a href=\"https:\/\/malagacruiseport.com\/es\/news\/el-puerto-de-malaga-acoge-el-bautismo-del-four-seasons-i-primer-yate-de-four-season-yachts\/\">\r\n\t\t\t\t\t\t\t\t\t\t\t\t\t\t\t<img decoding=\"async\" src=\"https:\/\/malagacruiseport.com\/wp-content\/uploads\/sites\/55\/2026\/03\/WhatsApp-Image-2026-03-17-at-12.06.06.jpeg\" alt=\"\">\r\n\t\t\t\t\t\t\t\t\t\t\t\t\t\t<\/a>\r\n\t\t\t\t\t\t\t\t\t\t\t\t\t<\/div>\r\n\t\t\t\t\t\t\t\t\t\t\t\t\t<div class=\"content\">\r\n\t\t\t\t\t\t\t\t\t\t\t\t\t\t<div class=\"date\">\r\n\t\t\t\t\t\t\t\t\t\t\t\t\t\t\t17 Mar 2026\t\t\t\t\t\t\t\t\t\t\t\t\t\t<\/div>\r\n\t\t\t\t\t\t\t\t\t\t\t\t\t\t<div class=\"title\">\r\n\t\t\t\t\t\t\t\t\t\t\t\t\t\t\t<a href=\"https:\/\/malagacruiseport.com\/es\/news\/el-puerto-de-malaga-acoge-el-bautismo-del-four-seasons-i-primer-yate-de-four-season-yachts\/\">El puerto de M\u00e1laga acoge el bautismo del Four Seasons I, primer yate de Four Season Yachts<\/a>\r\n\t\t\t\t\t\t\t\t\t\t\t\t\t\t<\/div>\r\n\t\t\t\t\t\t\t\t\t\t\t\t\t\t<div class=\"summary\">\r\n\t\t\t\t\t\t\t\t\t\t\t\t\t\t\t<p>El Puerto de M\u00e1laga ha acogido el bautismo oficial del Four Seasons I, primer yate de Four Seasons Yachts, en un acontecimiento de especial relevancia para la ciudad y para su posicionamiento dentro del segmento internacional de cruceros y embarcaciones de ultralujo. La ceremonia tuvo lugar ayer por la tarde en el muelle 2. Este [&hellip;]<\/p>\n\t\t\t\t\t\t\t\t\t\t\t\t\t\t<\/div>\r\n\t\t\t\t\t\t\t\t\t\t\t\t\t<\/div>\r\n\t\t\t\t\t\t\t\t\t\t\t\t<\/div>\r\n\t\t\t\t\t\t\t\t\t\t\t<\/div>\r\n\t\t\t\t\t\t\t\t\t\t\t\t\t\t\t\t\t<\/div>\r\n\t\t\t\t\t\t\t\t<div class=\"row flex align-i-center justify-c-center tab-pane-more-row\">\r\n\t\t\t\t\t\t\t\t\t<a href=\"https:\/\/malaga.globalcruiseports.com\/es\/noticias\/\" class=\"primary-color\">\r\n\t\t\t\t\t\t\t\t\t\tTODAS LAS NOTICIAS\t\t\t\t\t\t\t\t\t\t<svg xmlns=\"http:\/\/www.w3.org\/2000\/svg\" width=\"12.828\" height=\"12.829\" viewBox=\"0 0 12.828 12.829\">\r\n\t\t\t\t\t\t\t\t\t\t\t<g id=\"Icon_feather-arrow-up-right\" data-name=\"Icon feather-arrow-up-right\" transform=\"translate(-9.086 -9.086)\">\r\n\t\t\t\t\t\t\t\t\t\t\t\t<path id=\"Path_3\" data-name=\"Path 3\" d=\"M10.5,20.5l10-10\" fill=\"none\" class=\"primary-stroke\" stroke-linecap=\"round\" stroke-linejoin=\"round\" stroke-width=\"2\"><\/path>\r\n\t\t\t\t\t\t\t\t\t\t\t\t<path id=\"Path_4\" data-name=\"Path 4\" d=\"M10.5,10.5h10v10\" fill=\"none\" class=\"primary-stroke\" stroke-linecap=\"round\" stroke-linejoin=\"round\" stroke-width=\"2\"><\/path>\r\n\t\t\t\t\t\t\t\t\t\t\t<\/g>\r\n\t\t\t\t\t\t\t\t\t\t<\/svg>\r\n\t\t\t\t\t\t\t\t\t<\/a>\r\n\t\t\t\t\t\t\t\t<\/div>\r\n\t\t\t\t\t\t\t<\/div>\r\n\t\t\t\t\t\t<\/div>\r\n\t\t\t\t\t\t\t\t\t<\/div>\r\n\t\t\t<\/div>\r\n\t\t<\/div>\r\n\t<\/div>\r\n<\/section>","protected":false},"excerpt":{"rendered":"","protected":false},"author":6,"featured_media":0,"parent":0,"menu_order":5,"comment_status":"closed","ping_status":"closed","template":"","meta":{"_acf_changed":false,"footnotes":""},"class_list":["post-13063","page","type-page","status-publish","hentry"],"acf":[],"_links":{"self":[{"href":"https:\/\/malagacruiseport.com\/es\/wp-json\/wp\/v2\/pages\/13063","targetHints":{"allow":["GET"]}}],"collection":[{"href":"https:\/\/malagacruiseport.com\/es\/wp-json\/wp\/v2\/pages"}],"about":[{"href":"https:\/\/malagacruiseport.com\/es\/wp-json\/wp\/v2\/types\/page"}],"author":[{"embeddable":true,"href":"https:\/\/malagacruiseport.com\/es\/wp-json\/wp\/v2\/users\/6"}],"replies":[{"embeddable":true,"href":"https:\/\/malagacruiseport.com\/es\/wp-json\/wp\/v2\/comments?post=13063"}],"version-history":[{"count":26,"href":"https:\/\/malagacruiseport.com\/es\/wp-json\/wp\/v2\/pages\/13063\/revisions"}],"predecessor-version":[{"id":17204,"href":"https:\/\/malagacruiseport.com\/es\/wp-json\/wp\/v2\/pages\/13063\/revisions\/17204"}],"wp:attachment":[{"href":"https:\/\/malagacruiseport.com\/es\/wp-json\/wp\/v2\/media?parent=13063"}],"curies":[{"name":"wp","href":"https:\/\/api.w.org\/{rel}","templated":true}]}}