{"id":17253,"date":"2026-02-28T21:08:55","date_gmt":"2026-02-28T21:08:55","guid":{"rendered":"https:\/\/malagacruiseport.com\/?page_id=17253"},"modified":"2026-03-30T08:39:44","modified_gmt":"2026-03-30T08:39:44","slug":"social-media","status":"publish","type":"page","link":"https:\/\/malagacruiseport.com\/es\/social-media\/","title":{"rendered":"Social Media"},"content":{"rendered":"\r\n\r\n<section class=\"section page page-port page-bg-light  \">\r\n\r\n    <style>\r\n\r\n                .page-header-bg {\r\n\r\n                    background-image: url(https:\/\/malagacruiseport.com\/wp-content\/uploads\/sites\/55\/2026\/03\/Diseno-sin-titulo-1-1.jpg);\r\n\r\n                    background-size: cover;\r\n\r\n                    background-position: center;\r\n\r\n                }\r\n\r\n\t\t\t\t.hero-content{\r\n\r\n\t\t\t\t    top: 50%;\r\n\r\n    \t\t\t\tposition: absolute;\r\n\r\n    \t\t\t\ttransform: translateY(-50%);\r\n\r\n\t\t\t\t}\r\n\r\n              <\/style><div class=\"page-header-bg pr\">\r\n    <div class=\"container w100\">\r\n\r\n        <div class=\"row flex hero-content\">\r\n\r\n            <div class=\"cl-12 page-header\">\r\n\r\n                <h1>Bienvenido a M\u00e1laga<\/h1>\r\n\r\n            <\/div>\r\n\r\n        <\/div>\r\n\r\n    <\/div>\r\n\r\n    <\/div>\r\n\r\n<\/section>\r\n<section class=\"section section-social-media\">\r\n    <div class=\"container\">\r\n        <div class=\"row flex align-i-center justify-c-center\">\r\n            <div class=\"cl-12 text-center\">\r\n                <h2>Empieza <span class=\"primary-color\">Aqu\u00ed<\/span><\/h2>\r\n                <p>\u00a1S\u00edguenos en nuestras redes sociales para estar al d\u00eda de las \u00faltimas noticias y novedades del puerto!<\/p>\n            <\/div>\r\n        <\/div>\r\n\r\n                    <div class=\"cards-wrapper justify-c-center\">\r\n\r\n                \r\n                    <a href=\"https:\/\/www.facebook.com\/MalagaCruisePort\" class=\"card active\"                             style=\"--card-hover-bg: #0766ff;\" >\r\n\r\n                                                    <img decoding=\"async\" src=\"https:\/\/malagacruiseport.com\/wp-content\/uploads\/sites\/55\/2026\/02\/facebook-app-symbol.png\" alt=\"FACEBOOK\">\r\n                        \r\n                                                    <span>FACEBOOK<\/span>\r\n                        \r\n                    <\/a>\r\n\r\n                    \r\n                    <a href=\"https:\/\/www.instagram.com\/malagacruiseport\/\" class=\"card \"                             style=\"--card-hover-bg: #f900d0;\" >\r\n\r\n                                                    <img decoding=\"async\" src=\"https:\/\/malagacruiseport.com\/wp-content\/uploads\/sites\/55\/2026\/02\/instagram.png\" alt=\"INSTAGRAM\">\r\n                        \r\n                                                    <span>INSTAGRAM<\/span>\r\n                        \r\n                    <\/a>\r\n\r\n                    \r\n                    <a href=\"https:\/\/www.linkedin.com\/company\/malaga-cruise-port\/\" class=\"card \"                             style=\"--card-hover-bg: #0478b6;\" >\r\n\r\n                                                    <img decoding=\"async\" src=\"https:\/\/malagacruiseport.com\/wp-content\/uploads\/sites\/55\/2026\/02\/linkedin.png\" alt=\"LINKEDIN\">\r\n                        \r\n                                                    <span>LINKEDIN<\/span>\r\n                        \r\n                    <\/a>\r\n\r\n                    \r\n                    <a href=\"https:\/\/malagacruiseport.com\/\" class=\"card \"                             style=\"--card-hover-bg: #1997aa;\" >\r\n\r\n                                                    <img decoding=\"async\" src=\"https:\/\/malagacruiseport.com\/wp-content\/uploads\/sites\/55\/2026\/02\/internet.png\" alt=\"VISITA LA P\u00c1GINA WEB\">\r\n                        \r\n                                                    <span>VISITA LA P\u00c1GINA WEB<\/span>\r\n                        \r\n                    <\/a>\r\n\r\n                    \r\n            <\/div>\r\n        \r\n        <div class=\"row flex align-i-center justify-c-center pt-6\">\r\n            <div class=\"cl-12 text-center\">\r\n                <h2>Mantente conectado y s\u00e9 el primero en descubrir  <br> <span class=\"primary-color\">lo que est\u00e1 pasando en el puerto.<\/span><\/h2>\r\n            <\/div>\r\n        <\/div>\r\n\r\n        \r\n    <\/div>\r\n<\/section>\r\n\r\n\r\n<style>\r\n    .cards-wrapper {\r\n        display: flex;\r\n        gap: 1.25em;\r\n        padding: 2rem 0;\r\n    }\r\n\r\n    .card {\r\n        width: 16.688rem;\r\n        height: 13.938rem;\r\n        background: #ffffff;\r\n        display: flex;\r\n        border-radius: 0.25rem;\r\n        flex-direction: column;\r\n        align-items: center;\r\n        justify-content: center;\r\n        gap: 20px;\r\n        cursor: pointer;\r\n        transition: transform 0.2s ease, box-shadow 0.2s ease, background 0.2s ease;\r\n        text-decoration: none;\r\n        box-shadow: 0 1px 4px rgba(0, 0, 0, 0.06);\r\n    }\r\n\r\n    .card:hover {\r\n        transform: translateY(-4px);\r\n        box-shadow: 0 8px 24px rgba(0, 0, 0, 0.12);\r\n        background: var(--card-hover-bg, #1877F2);\r\n    }\r\n\r\n    .card:hover span {\r\n        color: #fff;\r\n    }\r\n\r\n    .card:hover img {\r\n        filter: brightness(0) invert(1);\r\n    }\r\n\r\n\r\n    .card img {\r\n        width: 2rem;\r\n        object-fit: contain;\r\n    }\r\n\r\n\r\n    .card span {\r\n        font-size: 1rem;\r\n        letter-spacing: 1.5px;\r\n        text-transform: uppercase;\r\n        color: #2D2D2D;\r\n        text-align: center;\r\n    }\r\n\r\n    .section-social-media {\r\n        padding: 5rem 0;\r\n    }\r\n\r\n    .section-social-media p {\r\n        padding-top: 0.75rem;\r\n    }\r\n<\/style>\r\n\r\n\r\n<script>\r\ndocument.addEventListener('DOMContentLoaded', function () {\r\n    var newsletterlink = document.querySelector('a[href=\"#newsletter-signup\"]');\r\n    if (!newsletterlink) return;\r\n\r\n    newsletterlink.addEventListener('click', function (e) {\r\n        e.preventDefault();\r\n        e.stopPropagation();\r\n\r\n        var newslettertarget = document.getElementById('newsletter-signup');\r\n        if (!newslettertarget) return;\r\n        \/\/ Sayfan\u0131n en alt\u0131na scroll et\r\n\r\n        setTimeout(() => {\r\n            window.scrollTo({\r\n                top: document.body.scrollHeight,\r\n                behavior: 'smooth'\r\n            });         \r\n            newslettertarget.classList.remove('highlight');\r\n            void newslettertarget.offsetWidth;\r\n            newslettertarget.classList.add('highlight');\r\n\r\n            newslettertarget.addEventListener('animationend', function () {\r\n                newslettertarget.classList.remove('highlight');\r\n            }, { once: true });               \r\n        }, 50);\r\n\r\n    \r\n    });\r\n});\r\n<\/script>","protected":false},"excerpt":{"rendered":"","protected":false},"author":6,"featured_media":0,"parent":0,"menu_order":4,"comment_status":"closed","ping_status":"closed","template":"","meta":{"_acf_changed":false,"footnotes":""},"class_list":["post-17253","page","type-page","status-publish","hentry"],"acf":[],"_links":{"self":[{"href":"https:\/\/malagacruiseport.com\/es\/wp-json\/wp\/v2\/pages\/17253","targetHints":{"allow":["GET"]}}],"collection":[{"href":"https:\/\/malagacruiseport.com\/es\/wp-json\/wp\/v2\/pages"}],"about":[{"href":"https:\/\/malagacruiseport.com\/es\/wp-json\/wp\/v2\/types\/page"}],"author":[{"embeddable":true,"href":"https:\/\/malagacruiseport.com\/es\/wp-json\/wp\/v2\/users\/6"}],"replies":[{"embeddable":true,"href":"https:\/\/malagacruiseport.com\/es\/wp-json\/wp\/v2\/comments?post=17253"}],"version-history":[{"count":5,"href":"https:\/\/malagacruiseport.com\/es\/wp-json\/wp\/v2\/pages\/17253\/revisions"}],"predecessor-version":[{"id":17333,"href":"https:\/\/malagacruiseport.com\/es\/wp-json\/wp\/v2\/pages\/17253\/revisions\/17333"}],"wp:attachment":[{"href":"https:\/\/malagacruiseport.com\/es\/wp-json\/wp\/v2\/media?parent=17253"}],"curies":[{"name":"wp","href":"https:\/\/api.w.org\/{rel}","templated":true}]}}